{"id":83,"date":"2018-04-30T17:10:13","date_gmt":"2018-04-30T14:10:13","guid":{"rendered":"https:\/\/sandbox.procio.fi\/?page_id=83"},"modified":"2018-10-12T17:10:39","modified_gmt":"2018-10-12T14:10:39","slug":"ratkaisumyynti","status":"publish","type":"page","link":"https:\/\/procio.fi\/en\/ratkaisumyynti\/","title":{"rendered":"Arvoa vaativaan ICT ratkaisumyyntiin"},"content":{"rendered":"<p><\/p>\n<h4>B2B ratkaisumyynnin kehitt\u00e4minen vaatii kokemusta ja n\u00e4kemyst\u00e4, tarvittavat ratkaisut ovat aina uniikkeja.<\/h4>\n<p><em>Palveluidemme l\u00e4ht\u00f6kohtana on: <strong>todelliset asiakkaat &#8211; todelliset hankkeet &#8211; todelliset tulokset.\u00a0<\/strong>Laitamme itsemme likoon osallistumalla eri rooleissa tunnistettuihin myyntihankkeisiin &#8211; riskihinnoittelulla.<\/em><\/p>\n<p>Tulimme myynnin kehitt\u00e4misen ja valmentamisen toimialalle ns. liiketoiminnan puolelta. Meill\u00e4 on vahva kokemus ICT:n myymisest\u00e4, toimittamisesta ja ostamisesta sek\u00e4 myyjin\u00e4 ICT-toimittajilla ett\u00e4 ostajina asiakasorganisaatiossa. Vuosien saatossa meille k\u00e4vi moni konsultti myym\u00e4ss\u00e4 valmennuspalveluitaan haluamatta jakaa myyntiriski\u00e4 tai ehdottaen yht\u00e4 konseptoitua myyntimallia, joka pit\u00e4isi jalkauttaa koko organisaatioon. Haluamme toimia toisin, koska myynnin reaaliel\u00e4m\u00e4kin on monitahoista.<\/p>\n<p>Myynnin johtamisessa ja prosesseissa korostuu usein MIT\u00c4 pit\u00e4\u00e4 tehd\u00e4, mutta harvemmin se, MITEN asioita voi\/kannattaa tehd\u00e4.<\/p>\n<p>Olemme erinomaisia valmentajia ja siltik\u00e4\u00e4n emme usko pelk\u00e4n valmentamisen voimaan &#8211; harvoin ty\u00f6pajaopit menev\u00e4t k\u00e4yt\u00e4nt\u00f6\u00f6n asti. Siksi kaikki konseptimme on luotu sit\u00e4 silm\u00e4ll\u00e4 pit\u00e4en, ett\u00e4 kaikki valmennuksissa ja ty\u00f6pajoissa tehdyt asiat liittyv\u00e4t todellisiin asiakkaisiin ja myyntimahdollisuuksiin, eli mahdollisuuksiin auttaa asiakasta parantamaan omaa liiketoimintaansa.<\/p>\n<p>Koska palveluidemme l\u00e4ht\u00f6kohtana on teid\u00e4n todellinen asiakaskuntanne ja myyntinne tilanne sek\u00e4 investointihalukkuutenne, niin ty\u00f6st\u00e4mme yhdess\u00e4 teille parhaiten sopivan mallin. Yhdist\u00e4mme niiss\u00e4 parhaita paloja myynnin eri konsepteista ja keinoista sek\u00e4 vahvasta k\u00e4yt\u00e4nnn\u00f6n ostamisen ja myymisen kokemuksestamme.<\/p>\n<h4><strong>Olemme myynnin tekij\u00f6it\u00e4 mukana muutoksessa.<\/strong><\/h4>\n<p><a href=\"https:\/\/sandbox.procio.fi\/ratkaisumyynti-2\/\">Katso t\u00e4st\u00e4 konkreettiset palvelumme<\/a><\/p>","protected":false},"excerpt":{"rendered":"<p>B2B ratkaisumyynnin kehitt\u00e4minen vaatii kokemusta ja n\u00e4kemyst\u00e4, tarvittavat ratkaisut ovat aina uniikkeja. Palveluidemme l\u00e4ht\u00f6kohtana on: todelliset asiakkaat &#8211; todelliset hankkeet &#8211; todelliset tulokset.\u00a0Laitamme itsemme likoon osallistumalla eri rooleissa tunnistettuihin myyntihankkeisiin &#8211; riskihinnoittelulla. Tulimme myynnin kehitt\u00e4misen ja valmentamisen toimialalle ns. liiketoiminnan puolelta. Meill\u00e4 on vahva kokemus ICT:n myymisest\u00e4, toimittamisesta ja ostamisesta sek\u00e4 myyjin\u00e4 ICT-toimittajilla ett\u00e4 ostajina &hellip; <\/p>\n<p class=\"link-more\"><a href=\"https:\/\/procio.fi\/en\/ratkaisumyynti\/\" class=\"more-link\">Continue reading<span class=\"screen-reader-text\"> &#8220;Arvoa vaativaan ICT ratkaisumyyntiin&#8221;<\/span><\/a><\/p>\n","protected":false},"author":2,"featured_media":0,"parent":0,"menu_order":2,"comment_status":"closed","ping_status":"closed","template":"","meta":{"_acf_changed":false,"_exactmetrics_skip_tracking":false,"_exactmetrics_sitenote_active":false,"_exactmetrics_sitenote_note":"","_exactmetrics_sitenote_category":0,"footnotes":""},"class_list":["post-83","page","type-page","status-publish","hentry"],"acf":[],"_links":{"self":[{"href":"https:\/\/procio.fi\/en\/wp-json\/wp\/v2\/pages\/83","targetHints":{"allow":["GET"]}}],"collection":[{"href":"https:\/\/procio.fi\/en\/wp-json\/wp\/v2\/pages"}],"about":[{"href":"https:\/\/procio.fi\/en\/wp-json\/wp\/v2\/types\/page"}],"author":[{"embeddable":true,"href":"https:\/\/procio.fi\/en\/wp-json\/wp\/v2\/users\/2"}],"replies":[{"embeddable":true,"href":"https:\/\/procio.fi\/en\/wp-json\/wp\/v2\/comments?post=83"}],"version-history":[{"count":9,"href":"https:\/\/procio.fi\/en\/wp-json\/wp\/v2\/pages\/83\/revisions"}],"predecessor-version":[{"id":489,"href":"https:\/\/procio.fi\/en\/wp-json\/wp\/v2\/pages\/83\/revisions\/489"}],"wp:attachment":[{"href":"https:\/\/procio.fi\/en\/wp-json\/wp\/v2\/media?parent=83"}],"curies":[{"name":"wp","href":"https:\/\/api.w.org\/{rel}","templated":true}]}}