{"id":427,"date":"2018-10-03T21:31:54","date_gmt":"2018-10-03T18:31:54","guid":{"rendered":"https:\/\/procio.fi\/?page_id=427"},"modified":"2018-10-03T21:31:54","modified_gmt":"2018-10-03T18:31:54","slug":"etusivu-2","status":"publish","type":"page","link":"https:\/\/procio.fi\/en\/etusivu-2\/","title":{"rendered":"ICT"},"content":{"rendered":"<p class=\"qtranxs-available-languages-message qtranxs-available-languages-message-en\">Sorry, this entry is only available in <a href=\"https:\/\/procio.fi\/fi\/wp-json\/wp\/v2\/pages\/427\" class=\"qtranxs-available-language-link qtranxs-available-language-link-fi\" title=\"suomi\">suomi<\/a>. For the sake of viewer convenience, the content is shown below in the alternative language. You may click the link to switch the active language.<\/p><p>ICT on sek\u00e4 muutosvoima ett\u00e4 muutoksen mahdollistaja &#8211; yh\u00e4 kiihtyv\u00e4ll\u00e4 vauhdilla. Teknologian kehitys hurmaa ja haastaa, luo yh\u00e4 enemm\u00e4n vaihtoehtoja ja innovaatioita.<\/p>\n<p>&nbsp;<\/p>","protected":false},"excerpt":{"rendered":"<p>Sorry, this entry is only available in suomi. For the sake of viewer convenience, the content is shown below in the alternative language. You may click the link to switch the active language.ICT on sek\u00e4 muutosvoima ett\u00e4 muutoksen mahdollistaja &#8211; yh\u00e4 kiihtyv\u00e4ll\u00e4 vauhdilla. Teknologian kehitys hurmaa ja haastaa, luo yh\u00e4 enemm\u00e4n vaihtoehtoja ja innovaatioita. &nbsp;<\/p>\n","protected":false},"author":2,"featured_media":0,"parent":0,"menu_order":0,"comment_status":"closed","ping_status":"closed","template":"","meta":{"_acf_changed":false,"_exactmetrics_skip_tracking":false,"_exactmetrics_sitenote_active":false,"_exactmetrics_sitenote_note":"","_exactmetrics_sitenote_category":0,"footnotes":""},"class_list":["post-427","page","type-page","status-publish","hentry"],"acf":[],"_links":{"self":[{"href":"https:\/\/procio.fi\/en\/wp-json\/wp\/v2\/pages\/427","targetHints":{"allow":["GET"]}}],"collection":[{"href":"https:\/\/procio.fi\/en\/wp-json\/wp\/v2\/pages"}],"about":[{"href":"https:\/\/procio.fi\/en\/wp-json\/wp\/v2\/types\/page"}],"author":[{"embeddable":true,"href":"https:\/\/procio.fi\/en\/wp-json\/wp\/v2\/users\/2"}],"replies":[{"embeddable":true,"href":"https:\/\/procio.fi\/en\/wp-json\/wp\/v2\/comments?post=427"}],"version-history":[{"count":1,"href":"https:\/\/procio.fi\/en\/wp-json\/wp\/v2\/pages\/427\/revisions"}],"predecessor-version":[{"id":428,"href":"https:\/\/procio.fi\/en\/wp-json\/wp\/v2\/pages\/427\/revisions\/428"}],"wp:attachment":[{"href":"https:\/\/procio.fi\/en\/wp-json\/wp\/v2\/media?parent=427"}],"curies":[{"name":"wp","href":"https:\/\/api.w.org\/{rel}","templated":true}]}}