{"id":315,"date":"2018-07-04T15:48:57","date_gmt":"2018-07-04T12:48:57","guid":{"rendered":"https:\/\/sandbox.procio.fi\/?page_id=315"},"modified":"2018-08-05T19:01:49","modified_gmt":"2018-08-05T16:01:49","slug":"ratkaisumyynti-2","status":"publish","type":"page","link":"https:\/\/procio.fi\/en\/ratkaisumyynti-2\/","title":{"rendered":"Ratkaisumyynti konkreettisesti"},"content":{"rendered":"<p><\/p>\n<h4>Myyntisimulaatiot<\/h4>\n<pre>Voi kun olisi aito ja tehokas tapa ymm\u00e4rt\u00e4\u00e4 miten asiakas tekee ostop\u00e4\u00e4t\u00f6ksen\u00e4 ja mit\u00e4 h\u00e4n ajattelee meid\u00e4n myyntitavastamme.<\/pre>\n<p>Meid\u00e4n molemmin puolin p\u00f6yt\u00e4\u00e4 konsepti tuottaa samaan tilaisuuteen niin ammatikseen ostavat oikeat asiakkaat, kuin B2B ratkaisumyynnin kehitt\u00e4misen ammattilaiset.<\/p>\n<p>Myyntisimulaatiot ovat 24 tunnin simulaatoita, joissa ty\u00f6skennell\u00e4\u00e4n todellisten myyntikohteiden, todellisten asiakkaiden ja hyvien valmentajien kanssa.<\/p>\n<h4>Myyntihankkeiden ty\u00f6st\u00f6pajat<\/h4>\n<pre>No nyt tuli iso tarjouspyynt\u00f6, \r\n tekisi mieli vastata mutta \r\n osataanko vied\u00e4 n\u00e4in \r\n iso myyntiprosessi l\u00e4pi?\r\nOnkohan t\u00e4m\u00e4 meid\u00e4n tarjouksen\r\n n\u00e4k\u00f6kulma nyt oikea?\r\nYmm\u00e4rt\u00e4\u00e4k\u00f6h\u00e4n asiakkaamme\r\n miten ylivoimaisen hyv\u00e4 olemme?\r\nMiten sit\u00e4 lis\u00e4myynti\u00e4 tehd\u00e4\u00e4n?<\/pre>\n<p>Meilt\u00e4 saa osaajan auttamaan koko markkinoinnin ja myynnin putkeen tai yksitt\u00e4iseen myyntiprosessin vaiheeseen.<\/p>\n<p>Kokonaisvaltainen tehostamisnen on\u00a0myynti tai asiakastiimeitt\u00e4in aitojen mahdollisuuksien tunnistaminen ja ty\u00f6st\u00e4minen, osallistumme myyntity\u00f6h\u00f6nne samalla parhaita k\u00e4yt\u00e4nt\u00f6j\u00e4 juurruttaen.<\/p>\n<p>Voimme tulla my\u00f6s avuksi yksitt\u00e4iseen myyntiin, esimerkiksi jos asiaks tai kaupan koko on poikkeuksellinen normaaliin myyntiin verrattuna.<\/p>\n<h4>Myyntiin osallistuminen riskimallilla<\/h4>\n<pre>Onhan noita myyntivalmentajia, mutta kuka jakaisi riski\u00e4 kanssamme?<\/pre>\n<p>Osaamme myynnin ja teemme sit\u00e4 tosissamme. Siksi meill\u00e4 on my\u00f6s myyntiin osallistuminen riskinjakomallilla, veloituksemme perustuu kaupan onnistumiseen.<\/p>\n<h4>Valmennukset<\/h4>\n<pre>Miksi toi sanoi noin?<\/pre>\n<p>Kun haluat kehitt\u00e4\u00e4 tiimi\u00e4si toimimaan paremmin kesken\u00e4\u00e4n ja erityisesti asiakkaiden kanssa, on paikallaan perehty\u00e4 ihmisten erilaisuuteen.<\/p>\n<p>T\u00e4h\u00e4n perehtymiseen antaa hyv\u00e4n mahdollisuuden \u00a0Sosiaaliset Tyylit -k\u00e4ytt\u00e4ytymismallin hy\u00f6dynt\u00e4minen\u00a0myynniss\u00e4,\u00a0asiakaspalvelussa ja\u00a0tiimity\u00f6ss\u00e4. Meilt\u00e4 saat lyhyen tietoiskun tai kattavamman valmennuksen harjoituksineen.<\/p>\n<p><a href=\"https:\/\/sandbox.procio.fi\/ratkaisumyynti\/\">Paluu<\/a><\/p>","protected":false},"excerpt":{"rendered":"<p>Sorry, this entry is only available in suomi. For the sake of viewer convenience, the content is shown below in the alternative language. You may click the link to switch the active language. Myyntisimulaatiot Voi kun olisi aito ja tehokas tapa ymm\u00e4rt\u00e4\u00e4 miten asiakas tekee ostop\u00e4\u00e4t\u00f6ksen\u00e4 ja mit\u00e4 h\u00e4n ajattelee meid\u00e4n myyntitavastamme. Meid\u00e4n molemmin puolin &hellip; <\/p>\n<p class=\"link-more\"><a href=\"https:\/\/procio.fi\/en\/ratkaisumyynti-2\/\" class=\"more-link\">Continue reading<span class=\"screen-reader-text\"> &#8220;Ratkaisumyynti konkreettisesti&#8221;<\/span><\/a><\/p>\n","protected":false},"author":3,"featured_media":0,"parent":0,"menu_order":0,"comment_status":"closed","ping_status":"closed","template":"","meta":{"_acf_changed":false,"_exactmetrics_skip_tracking":false,"_exactmetrics_sitenote_active":false,"_exactmetrics_sitenote_note":"","_exactmetrics_sitenote_category":0,"footnotes":""},"class_list":["post-315","page","type-page","status-publish","hentry"],"acf":[],"_links":{"self":[{"href":"https:\/\/procio.fi\/en\/wp-json\/wp\/v2\/pages\/315","targetHints":{"allow":["GET"]}}],"collection":[{"href":"https:\/\/procio.fi\/en\/wp-json\/wp\/v2\/pages"}],"about":[{"href":"https:\/\/procio.fi\/en\/wp-json\/wp\/v2\/types\/page"}],"author":[{"embeddable":true,"href":"https:\/\/procio.fi\/en\/wp-json\/wp\/v2\/users\/3"}],"replies":[{"embeddable":true,"href":"https:\/\/procio.fi\/en\/wp-json\/wp\/v2\/comments?post=315"}],"version-history":[{"count":7,"href":"https:\/\/procio.fi\/en\/wp-json\/wp\/v2\/pages\/315\/revisions"}],"predecessor-version":[{"id":357,"href":"https:\/\/procio.fi\/en\/wp-json\/wp\/v2\/pages\/315\/revisions\/357"}],"wp:attachment":[{"href":"https:\/\/procio.fi\/en\/wp-json\/wp\/v2\/media?parent=315"}],"curies":[{"name":"wp","href":"https:\/\/api.w.org\/{rel}","templated":true}]}}